{"id":6,"date":"2022-10-19T16:43:21","date_gmt":"2022-10-19T14:43:21","guid":{"rendered":"http:\/\/allimaginarium.local\/?page_id=6"},"modified":"2023-06-12T15:54:41","modified_gmt":"2023-06-12T13:54:41","slug":"all-imaginarium","status":"publish","type":"page","link":"https:\/\/allimaginarium.fr\/en\/","title":{"rendered":"All Imaginarium"},"content":{"rendered":"\n\n\n\n\n\n\n\n\n[et_pb_section admin_label=\u00a0\u00bbsection\u00a0\u00bb]\n\t\t\t[et_pb_row admin_label=\u00a0\u00bbrow\u00a0\u00bb]\n\t\t\t\t[et_pb_column type=\u00a0\u00bb4_4&Prime;][\/et_pb_column]\n\t\t\t[\/et_pb_row]\n\t\t[\/et_pb_section]\n\n\n\n\n\n\n\n\n","protected":false},"excerpt":{"rendered":"","protected":false},"author":1,"featured_media":0,"parent":0,"menu_order":0,"comment_status":"closed","ping_status":"closed","template":"","meta":{"_et_pb_use_builder":"on","_et_pb_old_content":"","_et_gb_content_width":"","inline_featured_image":false,"footnotes":""},"class_list":["post-6","page","type-page","status-publish","hentry"],"yoast_head":"<!-- This site is optimized with the Yoast SEO plugin v27.5 - https:\/\/yoast.com\/product\/yoast-seo-wordpress\/ -->\n<title>All Imaginarium, un atelier de cr\u00e9atrices engag\u00e9 et artisanal<\/title>\n<meta name=\"description\" content=\"All Imaginarium est un atelier de cr\u00e9atrices o\u00f9 l&#039;imaginaire, l&#039;originalit\u00e9, les pi\u00e8ces uniques sont sans limites. Bienvenue dans notre monde\" \/>\n<meta name=\"robots\" content=\"index, follow, max-snippet:-1, max-image-preview:large, max-video-preview:-1\" \/>\n<link rel=\"canonical\" href=\"https:\/\/allimaginarium.fr\/en\/\" \/>\n<meta property=\"og:locale\" content=\"fr_FR\" \/>\n<meta property=\"og:type\" content=\"article\" \/>\n<meta property=\"og:title\" content=\"All Imaginarium, un atelier de cr\u00e9atrices engag\u00e9 et artisanal\" \/>\n<meta property=\"og:description\" content=\"All Imaginarium est un atelier de cr\u00e9atrices o\u00f9 l&#039;imaginaire, l&#039;originalit\u00e9, les pi\u00e8ces uniques sont sans limites. Bienvenue dans notre monde\" \/>\n<meta property=\"og:url\" content=\"https:\/\/allimaginarium.fr\/en\/\" \/>\n<meta property=\"og:site_name\" content=\"All*Imaginarium\" \/>\n<meta property=\"article:publisher\" content=\"https:\/\/www.facebook.com\/allimaginarium\" \/>\n<meta property=\"article:modified_time\" content=\"2023-06-12T13:54:41+00:00\" \/>\n<meta name=\"twitter:card\" content=\"summary_large_image\" \/>\n<meta name=\"twitter:label1\" content=\"Dur\u00e9e de lecture estim\u00e9e\" \/>\n\t<meta name=\"twitter:data1\" content=\"1 minute\" \/>\n<script type=\"application\/ld+json\" class=\"yoast-schema-graph\">{\"@context\":\"https:\\\/\\\/schema.org\",\"@graph\":[{\"@type\":\"WebPage\",\"@id\":\"https:\\\/\\\/allimaginarium.fr\\\/en\\\/\",\"url\":\"https:\\\/\\\/allimaginarium.fr\\\/en\\\/\",\"name\":\"All Imaginarium, un atelier de cr\u00e9atrices engag\u00e9 et artisanal\",\"isPartOf\":{\"@id\":\"https:\\\/\\\/allimaginarium.fr\\\/en\\\/#website\"},\"datePublished\":\"2022-10-19T14:43:21+00:00\",\"dateModified\":\"2023-06-12T13:54:41+00:00\",\"description\":\"All Imaginarium est un atelier de cr\u00e9atrices o\u00f9 l'imaginaire, l'originalit\u00e9, les pi\u00e8ces uniques sont sans limites. Bienvenue dans notre monde\",\"breadcrumb\":{\"@id\":\"https:\\\/\\\/allimaginarium.fr\\\/en\\\/#breadcrumb\"},\"inLanguage\":\"fr-FR\",\"potentialAction\":[{\"@type\":\"ReadAction\",\"target\":[\"https:\\\/\\\/allimaginarium.fr\\\/en\\\/\"]}]},{\"@type\":\"BreadcrumbList\",\"@id\":\"https:\\\/\\\/allimaginarium.fr\\\/en\\\/#breadcrumb\",\"itemListElement\":[{\"@type\":\"ListItem\",\"position\":1,\"name\":\"Accueil\",\"item\":\"https:\\\/\\\/allimaginarium.fr\\\/en\\\/\"},{\"@type\":\"ListItem\",\"position\":2,\"name\":\"All Imaginarium\"}]},{\"@type\":\"WebSite\",\"@id\":\"https:\\\/\\\/allimaginarium.fr\\\/en\\\/#website\",\"url\":\"https:\\\/\\\/allimaginarium.fr\\\/en\\\/\",\"name\":\"All*Imaginarium\",\"description\":\"L&#039;univers cr\u00e9atif de Magali et Chlo\u00e9\",\"publisher\":{\"@id\":\"https:\\\/\\\/allimaginarium.fr\\\/en\\\/#organization\"},\"potentialAction\":[{\"@type\":\"SearchAction\",\"target\":{\"@type\":\"EntryPoint\",\"urlTemplate\":\"https:\\\/\\\/allimaginarium.fr\\\/en\\\/?s={search_term_string}\"},\"query-input\":{\"@type\":\"PropertyValueSpecification\",\"valueRequired\":true,\"valueName\":\"search_term_string\"}}],\"inLanguage\":\"fr-FR\"},{\"@type\":\"Organization\",\"@id\":\"https:\\\/\\\/allimaginarium.fr\\\/en\\\/#organization\",\"name\":\"All*Imaginarium\",\"url\":\"https:\\\/\\\/allimaginarium.fr\\\/en\\\/\",\"logo\":{\"@type\":\"ImageObject\",\"inLanguage\":\"fr-FR\",\"@id\":\"https:\\\/\\\/allimaginarium.fr\\\/en\\\/#\\\/schema\\\/logo\\\/image\\\/\",\"url\":\"https:\\\/\\\/allimaginarium.fr\\\/en\\\/wp-content\\\/uploads\\\/2023\\\/03\\\/logo-allimaginarium-bleu-frange-bleu.png\",\"contentUrl\":\"https:\\\/\\\/allimaginarium.fr\\\/en\\\/wp-content\\\/uploads\\\/2023\\\/03\\\/logo-allimaginarium-bleu-frange-bleu.png\",\"width\":2418,\"height\":2433,\"caption\":\"All*Imaginarium\"},\"image\":{\"@id\":\"https:\\\/\\\/allimaginarium.fr\\\/en\\\/#\\\/schema\\\/logo\\\/image\\\/\"},\"sameAs\":[\"https:\\\/\\\/www.facebook.com\\\/allimaginarium\",\"https:\\\/\\\/www.pinterest.fr\\\/allimaginarium\\\/\",\"https:\\\/\\\/www.instagram.com\\\/all.imaginarium\\\/\"]}]}<\/script>\n<!-- \/ Yoast SEO plugin. -->","yoast_head_json":{"title":"All Imaginarium, un atelier de cr\u00e9atrices engag\u00e9 et artisanal","description":"All Imaginarium est un atelier de cr\u00e9atrices o\u00f9 l'imaginaire, l'originalit\u00e9, les pi\u00e8ces uniques sont sans limites. Bienvenue dans notre monde","robots":{"index":"index","follow":"follow","max-snippet":"max-snippet:-1","max-image-preview":"max-image-preview:large","max-video-preview":"max-video-preview:-1"},"canonical":"https:\/\/allimaginarium.fr\/en\/","og_locale":"fr_FR","og_type":"article","og_title":"All Imaginarium, un atelier de cr\u00e9atrices engag\u00e9 et artisanal","og_description":"All Imaginarium est un atelier de cr\u00e9atrices o\u00f9 l'imaginaire, l'originalit\u00e9, les pi\u00e8ces uniques sont sans limites. Bienvenue dans notre monde","og_url":"https:\/\/allimaginarium.fr\/en\/","og_site_name":"All*Imaginarium","article_publisher":"https:\/\/www.facebook.com\/allimaginarium","article_modified_time":"2023-06-12T13:54:41+00:00","twitter_card":"summary_large_image","twitter_misc":{"Dur\u00e9e de lecture estim\u00e9e":"1 minute"},"schema":{"@context":"https:\/\/schema.org","@graph":[{"@type":"WebPage","@id":"https:\/\/allimaginarium.fr\/en\/","url":"https:\/\/allimaginarium.fr\/en\/","name":"All Imaginarium, un atelier de cr\u00e9atrices engag\u00e9 et artisanal","isPartOf":{"@id":"https:\/\/allimaginarium.fr\/en\/#website"},"datePublished":"2022-10-19T14:43:21+00:00","dateModified":"2023-06-12T13:54:41+00:00","description":"All Imaginarium est un atelier de cr\u00e9atrices o\u00f9 l'imaginaire, l'originalit\u00e9, les pi\u00e8ces uniques sont sans limites. Bienvenue dans notre monde","breadcrumb":{"@id":"https:\/\/allimaginarium.fr\/en\/#breadcrumb"},"inLanguage":"fr-FR","potentialAction":[{"@type":"ReadAction","target":["https:\/\/allimaginarium.fr\/en\/"]}]},{"@type":"BreadcrumbList","@id":"https:\/\/allimaginarium.fr\/en\/#breadcrumb","itemListElement":[{"@type":"ListItem","position":1,"name":"Accueil","item":"https:\/\/allimaginarium.fr\/en\/"},{"@type":"ListItem","position":2,"name":"All Imaginarium"}]},{"@type":"WebSite","@id":"https:\/\/allimaginarium.fr\/en\/#website","url":"https:\/\/allimaginarium.fr\/en\/","name":"All*Imaginarium","description":"L&#039;univers cr\u00e9atif de Magali et Chlo\u00e9","publisher":{"@id":"https:\/\/allimaginarium.fr\/en\/#organization"},"potentialAction":[{"@type":"SearchAction","target":{"@type":"EntryPoint","urlTemplate":"https:\/\/allimaginarium.fr\/en\/?s={search_term_string}"},"query-input":{"@type":"PropertyValueSpecification","valueRequired":true,"valueName":"search_term_string"}}],"inLanguage":"fr-FR"},{"@type":"Organization","@id":"https:\/\/allimaginarium.fr\/en\/#organization","name":"All*Imaginarium","url":"https:\/\/allimaginarium.fr\/en\/","logo":{"@type":"ImageObject","inLanguage":"fr-FR","@id":"https:\/\/allimaginarium.fr\/en\/#\/schema\/logo\/image\/","url":"https:\/\/allimaginarium.fr\/en\/wp-content\/uploads\/2023\/03\/logo-allimaginarium-bleu-frange-bleu.png","contentUrl":"https:\/\/allimaginarium.fr\/en\/wp-content\/uploads\/2023\/03\/logo-allimaginarium-bleu-frange-bleu.png","width":2418,"height":2433,"caption":"All*Imaginarium"},"image":{"@id":"https:\/\/allimaginarium.fr\/en\/#\/schema\/logo\/image\/"},"sameAs":["https:\/\/www.facebook.com\/allimaginarium","https:\/\/www.pinterest.fr\/allimaginarium\/","https:\/\/www.instagram.com\/all.imaginarium\/"]}]}},"_links":{"self":[{"href":"https:\/\/allimaginarium.fr\/en\/wp-json\/wp\/v2\/pages\/6","targetHints":{"allow":["GET"]}}],"collection":[{"href":"https:\/\/allimaginarium.fr\/en\/wp-json\/wp\/v2\/pages"}],"about":[{"href":"https:\/\/allimaginarium.fr\/en\/wp-json\/wp\/v2\/types\/page"}],"author":[{"embeddable":true,"href":"https:\/\/allimaginarium.fr\/en\/wp-json\/wp\/v2\/users\/1"}],"replies":[{"embeddable":true,"href":"https:\/\/allimaginarium.fr\/en\/wp-json\/wp\/v2\/comments?post=6"}],"version-history":[{"count":3,"href":"https:\/\/allimaginarium.fr\/en\/wp-json\/wp\/v2\/pages\/6\/revisions"}],"predecessor-version":[{"id":7088,"href":"https:\/\/allimaginarium.fr\/en\/wp-json\/wp\/v2\/pages\/6\/revisions\/7088"}],"wp:attachment":[{"href":"https:\/\/allimaginarium.fr\/en\/wp-json\/wp\/v2\/media?parent=6"}],"curies":[{"name":"wp","href":"https:\/\/api.w.org\/{rel}","templated":true}]}}