{"id":981,"date":"2022-11-03T22:24:17","date_gmt":"2022-11-03T21:24:17","guid":{"rendered":"https:\/\/allimaginarium.local\/?page_id=981"},"modified":"2023-05-28T09:30:29","modified_gmt":"2023-05-28T07:30:29","slug":"blog-all-imaginarium","status":"publish","type":"page","link":"https:\/\/allimaginarium.fr\/en\/blog-all-imaginarium\/","title":{"rendered":"blog all imaginarium"},"content":{"rendered":"","protected":false},"excerpt":{"rendered":"","protected":false},"author":1,"featured_media":0,"parent":0,"menu_order":3,"comment_status":"closed","ping_status":"closed","template":"page-template-blank.php","meta":{"_et_pb_use_builder":"on","_et_pb_old_content":"","_et_gb_content_width":"","inline_featured_image":false,"footnotes":""},"class_list":["post-981","page","type-page","status-publish","hentry"],"yoast_head":"<!-- This site is optimized with the Yoast SEO plugin v27.5 - https:\/\/yoast.com\/product\/yoast-seo-wordpress\/ -->\n<title>Blog All Imaginarium : tout sur nos cr\u00e9ations et nos inspirations<\/title>\n<meta name=\"description\" content=\"Le Blog All Imaginarium met en partage dans les moindre d\u00e9tails les coups de c\u0153ur, inspirations et savoir-faire de Magali et Chlo\u00e9\" \/>\n<meta name=\"robots\" content=\"index, follow, max-snippet:-1, max-image-preview:large, max-video-preview:-1\" \/>\n<link rel=\"canonical\" href=\"https:\/\/allimaginarium.fr\/en\/blog-all-imaginarium\/\" \/>\n<meta property=\"og:locale\" content=\"fr_FR\" \/>\n<meta property=\"og:type\" content=\"article\" \/>\n<meta property=\"og:title\" content=\"Blog All Imaginarium : tout sur nos cr\u00e9ations et nos inspirations\" \/>\n<meta property=\"og:description\" content=\"Le Blog All Imaginarium met en partage dans les moindre d\u00e9tails les coups de c\u0153ur, inspirations et savoir-faire de Magali et Chlo\u00e9\" \/>\n<meta property=\"og:url\" content=\"https:\/\/allimaginarium.fr\/en\/blog-all-imaginarium\/\" \/>\n<meta property=\"og:site_name\" content=\"All*Imaginarium\" \/>\n<meta property=\"article:publisher\" content=\"https:\/\/www.facebook.com\/allimaginarium\" \/>\n<meta property=\"article:modified_time\" content=\"2023-05-28T07:30:29+00:00\" \/>\n<meta name=\"twitter:card\" content=\"summary_large_image\" \/>\n<script type=\"application\/ld+json\" class=\"yoast-schema-graph\">{\"@context\":\"https:\\\/\\\/schema.org\",\"@graph\":[{\"@type\":\"WebPage\",\"@id\":\"https:\\\/\\\/allimaginarium.fr\\\/en\\\/blog-all-imaginarium\\\/\",\"url\":\"https:\\\/\\\/allimaginarium.fr\\\/en\\\/blog-all-imaginarium\\\/\",\"name\":\"Blog All Imaginarium : tout sur nos cr\u00e9ations et nos inspirations\",\"isPartOf\":{\"@id\":\"https:\\\/\\\/allimaginarium.fr\\\/en\\\/#website\"},\"datePublished\":\"2022-11-03T21:24:17+00:00\",\"dateModified\":\"2023-05-28T07:30:29+00:00\",\"description\":\"Le Blog All Imaginarium met en partage dans les moindre d\u00e9tails les coups de c\u0153ur, inspirations et savoir-faire de Magali et Chlo\u00e9\",\"breadcrumb\":{\"@id\":\"https:\\\/\\\/allimaginarium.fr\\\/en\\\/blog-all-imaginarium\\\/#breadcrumb\"},\"inLanguage\":\"fr-FR\",\"potentialAction\":[{\"@type\":\"ReadAction\",\"target\":[\"https:\\\/\\\/allimaginarium.fr\\\/en\\\/blog-all-imaginarium\\\/\"]}]},{\"@type\":\"BreadcrumbList\",\"@id\":\"https:\\\/\\\/allimaginarium.fr\\\/en\\\/blog-all-imaginarium\\\/#breadcrumb\",\"itemListElement\":[{\"@type\":\"ListItem\",\"position\":1,\"name\":\"Accueil\",\"item\":\"https:\\\/\\\/allimaginarium.fr\\\/en\\\/\"},{\"@type\":\"ListItem\",\"position\":2,\"name\":\"blog all imaginarium\"}]},{\"@type\":\"WebSite\",\"@id\":\"https:\\\/\\\/allimaginarium.fr\\\/en\\\/#website\",\"url\":\"https:\\\/\\\/allimaginarium.fr\\\/en\\\/\",\"name\":\"All*Imaginarium\",\"description\":\"L&#039;univers cr\u00e9atif de Magali et Chlo\u00e9\",\"publisher\":{\"@id\":\"https:\\\/\\\/allimaginarium.fr\\\/en\\\/#organization\"},\"potentialAction\":[{\"@type\":\"SearchAction\",\"target\":{\"@type\":\"EntryPoint\",\"urlTemplate\":\"https:\\\/\\\/allimaginarium.fr\\\/en\\\/?s={search_term_string}\"},\"query-input\":{\"@type\":\"PropertyValueSpecification\",\"valueRequired\":true,\"valueName\":\"search_term_string\"}}],\"inLanguage\":\"fr-FR\"},{\"@type\":\"Organization\",\"@id\":\"https:\\\/\\\/allimaginarium.fr\\\/en\\\/#organization\",\"name\":\"All*Imaginarium\",\"url\":\"https:\\\/\\\/allimaginarium.fr\\\/en\\\/\",\"logo\":{\"@type\":\"ImageObject\",\"inLanguage\":\"fr-FR\",\"@id\":\"https:\\\/\\\/allimaginarium.fr\\\/en\\\/#\\\/schema\\\/logo\\\/image\\\/\",\"url\":\"https:\\\/\\\/allimaginarium.fr\\\/en\\\/wp-content\\\/uploads\\\/2023\\\/03\\\/logo-allimaginarium-bleu-frange-bleu.png\",\"contentUrl\":\"https:\\\/\\\/allimaginarium.fr\\\/en\\\/wp-content\\\/uploads\\\/2023\\\/03\\\/logo-allimaginarium-bleu-frange-bleu.png\",\"width\":2418,\"height\":2433,\"caption\":\"All*Imaginarium\"},\"image\":{\"@id\":\"https:\\\/\\\/allimaginarium.fr\\\/en\\\/#\\\/schema\\\/logo\\\/image\\\/\"},\"sameAs\":[\"https:\\\/\\\/www.facebook.com\\\/allimaginarium\",\"https:\\\/\\\/www.pinterest.fr\\\/allimaginarium\\\/\",\"https:\\\/\\\/www.instagram.com\\\/all.imaginarium\\\/\"]}]}<\/script>\n<!-- \/ Yoast SEO plugin. -->","yoast_head_json":{"title":"Blog All Imaginarium : tout sur nos cr\u00e9ations et nos inspirations","description":"Le Blog All Imaginarium met en partage dans les moindre d\u00e9tails les coups de c\u0153ur, inspirations et savoir-faire de Magali et Chlo\u00e9","robots":{"index":"index","follow":"follow","max-snippet":"max-snippet:-1","max-image-preview":"max-image-preview:large","max-video-preview":"max-video-preview:-1"},"canonical":"https:\/\/allimaginarium.fr\/en\/blog-all-imaginarium\/","og_locale":"fr_FR","og_type":"article","og_title":"Blog All Imaginarium : tout sur nos cr\u00e9ations et nos inspirations","og_description":"Le Blog All Imaginarium met en partage dans les moindre d\u00e9tails les coups de c\u0153ur, inspirations et savoir-faire de Magali et Chlo\u00e9","og_url":"https:\/\/allimaginarium.fr\/en\/blog-all-imaginarium\/","og_site_name":"All*Imaginarium","article_publisher":"https:\/\/www.facebook.com\/allimaginarium","article_modified_time":"2023-05-28T07:30:29+00:00","twitter_card":"summary_large_image","schema":{"@context":"https:\/\/schema.org","@graph":[{"@type":"WebPage","@id":"https:\/\/allimaginarium.fr\/en\/blog-all-imaginarium\/","url":"https:\/\/allimaginarium.fr\/en\/blog-all-imaginarium\/","name":"Blog All Imaginarium : tout sur nos cr\u00e9ations et nos inspirations","isPartOf":{"@id":"https:\/\/allimaginarium.fr\/en\/#website"},"datePublished":"2022-11-03T21:24:17+00:00","dateModified":"2023-05-28T07:30:29+00:00","description":"Le Blog All Imaginarium met en partage dans les moindre d\u00e9tails les coups de c\u0153ur, inspirations et savoir-faire de Magali et Chlo\u00e9","breadcrumb":{"@id":"https:\/\/allimaginarium.fr\/en\/blog-all-imaginarium\/#breadcrumb"},"inLanguage":"fr-FR","potentialAction":[{"@type":"ReadAction","target":["https:\/\/allimaginarium.fr\/en\/blog-all-imaginarium\/"]}]},{"@type":"BreadcrumbList","@id":"https:\/\/allimaginarium.fr\/en\/blog-all-imaginarium\/#breadcrumb","itemListElement":[{"@type":"ListItem","position":1,"name":"Accueil","item":"https:\/\/allimaginarium.fr\/en\/"},{"@type":"ListItem","position":2,"name":"blog all imaginarium"}]},{"@type":"WebSite","@id":"https:\/\/allimaginarium.fr\/en\/#website","url":"https:\/\/allimaginarium.fr\/en\/","name":"All*Imaginarium","description":"L&#039;univers cr\u00e9atif de Magali et Chlo\u00e9","publisher":{"@id":"https:\/\/allimaginarium.fr\/en\/#organization"},"potentialAction":[{"@type":"SearchAction","target":{"@type":"EntryPoint","urlTemplate":"https:\/\/allimaginarium.fr\/en\/?s={search_term_string}"},"query-input":{"@type":"PropertyValueSpecification","valueRequired":true,"valueName":"search_term_string"}}],"inLanguage":"fr-FR"},{"@type":"Organization","@id":"https:\/\/allimaginarium.fr\/en\/#organization","name":"All*Imaginarium","url":"https:\/\/allimaginarium.fr\/en\/","logo":{"@type":"ImageObject","inLanguage":"fr-FR","@id":"https:\/\/allimaginarium.fr\/en\/#\/schema\/logo\/image\/","url":"https:\/\/allimaginarium.fr\/en\/wp-content\/uploads\/2023\/03\/logo-allimaginarium-bleu-frange-bleu.png","contentUrl":"https:\/\/allimaginarium.fr\/en\/wp-content\/uploads\/2023\/03\/logo-allimaginarium-bleu-frange-bleu.png","width":2418,"height":2433,"caption":"All*Imaginarium"},"image":{"@id":"https:\/\/allimaginarium.fr\/en\/#\/schema\/logo\/image\/"},"sameAs":["https:\/\/www.facebook.com\/allimaginarium","https:\/\/www.pinterest.fr\/allimaginarium\/","https:\/\/www.instagram.com\/all.imaginarium\/"]}]}},"_links":{"self":[{"href":"https:\/\/allimaginarium.fr\/en\/wp-json\/wp\/v2\/pages\/981","targetHints":{"allow":["GET"]}}],"collection":[{"href":"https:\/\/allimaginarium.fr\/en\/wp-json\/wp\/v2\/pages"}],"about":[{"href":"https:\/\/allimaginarium.fr\/en\/wp-json\/wp\/v2\/types\/page"}],"author":[{"embeddable":true,"href":"https:\/\/allimaginarium.fr\/en\/wp-json\/wp\/v2\/users\/1"}],"replies":[{"embeddable":true,"href":"https:\/\/allimaginarium.fr\/en\/wp-json\/wp\/v2\/comments?post=981"}],"version-history":[{"count":2,"href":"https:\/\/allimaginarium.fr\/en\/wp-json\/wp\/v2\/pages\/981\/revisions"}],"predecessor-version":[{"id":7117,"href":"https:\/\/allimaginarium.fr\/en\/wp-json\/wp\/v2\/pages\/981\/revisions\/7117"}],"wp:attachment":[{"href":"https:\/\/allimaginarium.fr\/en\/wp-json\/wp\/v2\/media?parent=981"}],"curies":[{"name":"wp","href":"https:\/\/api.w.org\/{rel}","templated":true}]}}